{"id":39,"date":"2019-03-04T16:10:10","date_gmt":"2019-03-04T16:10:10","guid":{"rendered":"https:\/\/drinskakuca.rs\/wp\/?page_id=39"},"modified":"2019-03-07T11:55:41","modified_gmt":"2019-03-07T11:55:41","slug":"drinska-kuca","status":"publish","type":"page","link":"https:\/\/drinskakuca.rs\/?page_id=39","title":{"rendered":"Drinska Ku\u0107a"},"content":{"rendered":"[vc_row][vc_column width=&#8220;1\/2&#8243;][vc_column_text]Raspola\u017eemo sa\u00a0 sme\u0161tajem za 8 osoba u \u010detiri spava\u0107e sobe sa zasebnim kupatilima sa tu\u0161em. U sobama su francuski le\u017eajevi sa kojih se pru\u017ea predivan pogled na reku Drinu.<\/p>\r\n<p>Dnevni boravak i kuhinja vile su luksuzno opremljeni i nalaze se na prvom nivou.<\/p>\r\n<p>Drinska ku\u0107a vas o\u010dekuje i u najhladnijim zimskim danima. Pored podnog,radijatorskog i klimatskog grejanja u dnevnom boravku imamo i otvoreni kamin koji \u0107e vas sigurno zagrejati i upotpuniti atmosferu u dugim zimskim no\u0107ima.<\/p>\r\n<p>Lokalni restoran \u201cTARA\u201d iz Bajine Ba\u0161te vr\u0161i isporuku hrane do vile. Takodje, ako su vam potrebne namernice ili nesto od lokalnih proizvoda ,mi \u0107emo vam ih dostaviti na adresu vile bez naknade za dostavu.<\/p>\r\n[\/vc_column_text][\/vc_column][vc_column width=&#8220;1\/2&#8243;][vc_images_carousel images=&#8220;42,43,44,45,46,47,48,49,50,51,52,53,54,55,56,57&#8243; speed=&#8220;4000&#8243; wrap=&#8220;yes&#8220; title=&#8220;Ku\u0107a Spolja&#8220;][\/vc_column][\/vc_row][vc_row][vc_column width=&#8220;1\/2&#8243;][vc_gallery images=&#8220;3430,3431,3432,3433,3434,3435,3436,3437,3438,3439,3440,3441,3442,3443&#8243; columns=&#8220;4&#8243; title=&#8220;Dnevni Boravak i Kuhinja&#8220;][\/vc_column][vc_column width=&#8220;1\/2&#8243;][vc_gallery images=&#8220;83,82,84,90,91,92,89,88,87,86,85&#8243; columns=&#8220;3&#8243; title=&#8220;Sobe&#8220;][\/vc_column][\/vc_row][vc_row][vc_column width=&#8220;1\/2&#8243;][vc_gallery images=&#8220;3451,3452,3453&#8243; columns=&#8220;3&#8243; title=&#8220;SPA u prizemlju&#8220;][\/vc_column][vc_column width=&#8220;1\/2&#8243;][vc_gallery images=&#8220;75,76,77&#8243; columns=&#8220;3&#8243; title=&#8220;Velika Terasa&#8220;][\/vc_column][\/vc_row][vc_row][vc_column][vc_video link=&#8220;https:\/\/www.youtube.com\/watch?v=iI4kbGYdzuk&#8220; title=&#8220;Dron Video&#8220;][\/vc_column][\/vc_row]","protected":false},"excerpt":{"rendered":"<p>[vc_row][vc_column width=&#8220;1\/2&#8243;][vc_column_text]Raspola\u017eemo sa\u00a0 sme\u0161tajem za 8 osoba u \u010detiri spava\u0107e sobe sa zasebnim kupatilima sa tu\u0161em. U sobama su francuski [&hellip;]<\/p>\n","protected":false},"author":1,"featured_media":153,"parent":0,"menu_order":0,"comment_status":"closed","ping_status":"closed","template":"","meta":{"footnotes":""},"class_list":["post-39","page","type-page","status-publish","has-post-thumbnail","hentry"],"_links":{"self":[{"href":"https:\/\/drinskakuca.rs\/index.php?rest_route=\/wp\/v2\/pages\/39","targetHints":{"allow":["GET"]}}],"collection":[{"href":"https:\/\/drinskakuca.rs\/index.php?rest_route=\/wp\/v2\/pages"}],"about":[{"href":"https:\/\/drinskakuca.rs\/index.php?rest_route=\/wp\/v2\/types\/page"}],"author":[{"embeddable":true,"href":"https:\/\/drinskakuca.rs\/index.php?rest_route=\/wp\/v2\/users\/1"}],"replies":[{"embeddable":true,"href":"https:\/\/drinskakuca.rs\/index.php?rest_route=%2Fwp%2Fv2%2Fcomments&post=39"}],"version-history":[{"count":27,"href":"https:\/\/drinskakuca.rs\/index.php?rest_route=\/wp\/v2\/pages\/39\/revisions"}],"predecessor-version":[{"id":3460,"href":"https:\/\/drinskakuca.rs\/index.php?rest_route=\/wp\/v2\/pages\/39\/revisions\/3460"}],"wp:featuredmedia":[{"embeddable":true,"href":"https:\/\/drinskakuca.rs\/index.php?rest_route=\/wp\/v2\/media\/153"}],"wp:attachment":[{"href":"https:\/\/drinskakuca.rs\/index.php?rest_route=%2Fwp%2Fv2%2Fmedia&parent=39"}],"curies":[{"name":"wp","href":"https:\/\/api.w.org\/{rel}","templated":true}]}}