{"id":3485,"date":"2019-03-07T17:32:25","date_gmt":"2019-03-07T17:32:25","guid":{"rendered":"https:\/\/drinskakuca.rs\/wp\/?page_id=3485"},"modified":"2019-03-07T21:50:56","modified_gmt":"2019-03-07T21:50:56","slug":"aktivnosti","status":"publish","type":"page","link":"https:\/\/drinskakuca.rs\/?page_id=3485","title":{"rendered":"AKTIVNOSTI"},"content":{"rendered":"[vc_row css=&#8220;.vc_custom_1551994904623{background-color: rgba(30,115,190,0.05) !important;*background-color: rgb(30,115,190) !important;}&#8220;][vc_column][vc_column_text]\n<p style=\"text-align: center;\"><strong>Ukoliko\u00a0se odlu\u010dite da kod nas potro\u0161ite svoje dragoceno vreme i kraj Drine provedete svoje slobodne dane, pored u\u017eivanja u komforu koji Vam nudi na\u0161a Drinska ku\u0107a, mo\u017eete sebi i drugima ulep\u0161ati odmor nekom do slede\u0107ih aktivnosti:<\/strong><\/p>\n[\/vc_column_text][\/vc_column][\/vc_row][vc_row][vc_column width=&#8220;2\/3&#8243;][vc_column_text]\n<h3 class=\"post-title\">RIBOLOV<\/h3>\n<p>Drina sa ve\u0161ta\u010dkim jezerima Peru\u0107ac i Zaovine pru\u017ea veoma povoljne uslove za ribolovni turizam. Bistri i \u010dist vodeni tok bogat je raznovrsnom re\u010dnom ribom, me\u0111u kojima se posebno isti\u010de mladica, endemi\u010dna vrsta za Drinu.<\/p>\n<p>Na prvenstvu u lovu mladice u organizaciji Ribolova\u010dkog udru\u017enjenja \u201eMladica\u201c lovljeni su primerci i do 30 kg. Na Drini, \u00a0jezerima Peru\u0107ac i Zaovine jo\u0161 se mogu uloviti \u0161aran, skobalj, klen, mrena, \u0161tuka, som, lipljan i poto\u010dna pastrmka.<\/p>\n<p>Zahvaljuju\u0107i \u010dinjenici da Drina menja svoj karakter, prelaze\u0107i iz planinske u nizijsku reku, u njoj ima i salmonida i ciprinida, naro\u010dito u gornjem i srednjem toku. U Drini ima 47 vrsta iz 14 porodica riba.<\/p>\n<p>Mo\u017eete se oprobati i u mu\u0161i\u010darenju (fly fishing) na biserno \u010distoj reci Tre\u0161njici ili na proverenim mestima pored reke Drine.[\/vc_column_text][\/vc_column][vc_column width=&#8220;1\/3&#8243;][vc_images_carousel images=&#8220;3494,3495,3496,3497,3493&#8243; wrap=&#8220;yes&#8220;][\/vc_column][\/vc_row][vc_row css=&#8220;.vc_custom_1551994235654{background-color: rgba(30,115,190,0.05) !important;*background-color: rgb(30,115,190) !important;}&#8220;][vc_column width=&#8220;2\/3&#8243;][vc_column_text]\n<h3 class=\"post-title\">KUPANJE<\/h3>\n<p>U letnjim mesecima, vodostaj na reci Drini je primetno nizak, regulisan kontrolisanim ispu\u0161tanjem vode na brani u Peru\u0107cu, tako da je skoro \u010ditavom du\u017einom svoje obale u Bajinoba\u0161tanskoj op\u0161tini pristupa\u010dna za kupanje.<\/p>\n<p>Jedno od mesta za kupanje je na par kilometara od Drinske ku\u0107e na\u00a0 u\u0161\u0107u reke Roga\u010dice u Drinu. Tu se nalazi nekoliko kafi\u0107a na otvorenom i tereni za odbojku i mali fudbal na pesku. Ovde se obavezno prave i odmori\u0161ta na splavarenju rekom Drinom.\u00a0U\u0161\u0107e je tako\u0111e omiljeno mesto sportskim ribolovcima, koji na ovom mestu redovno imaju ulov s kojim mogu da se pohvale.<\/p>\n<p>Postoji i posebno ure\u0111ena gradska pla\u017ea na u\u0161\u0107u reke Ra\u010de u Drinu kod Bajine Ba\u0161te kod mosta koji povezuje Republiku Srpsku i Srbiju.<\/p>\n<p>Za ljubitelje toplije vode\u00a0 na jezeru Peru\u0107ac se nalazi lepo ure\u0111ena pla\u017ea sa bazenima za decu, tu\u0161evima, kabinama za presvla\u010denje i prelepim restoranom.[\/vc_column_text][\/vc_column][vc_column width=&#8220;1\/3&#8243;][vc_images_carousel images=&#8220;3550,3549,3548,3551&#8243; wrap=&#8220;yes&#8220;][\/vc_column][\/vc_row][vc_row][vc_column width=&#8220;2\/3&#8243;][vc_column_text]\n<h3 class=\"post-title\">RAFTING DRINOM I PLOVIDBA KANJONOM JEZERA PERU\u0106AC<\/h3>\n<p>Plovidba rekom Drinom je utkana u vekovnu tradiciju ovog na\u0161eg kraja. Splavarenje je nekada bilo veoma rasprostranjeno jer se tako ovom lepom rekom transpotovala gra\u0111a. Prvi splavovi spominju se jo\u0161 1856.god. a snabdevali su Kne\u017eevinu Srbiju drvenom gra\u0111om. Splav je pravljen od balvana koja su uz pomo\u0107 konopca\u00a0povezana, ali je mogao biti napravljen i od rezane gra\u0111e. Gra\u0111a se transportovala do \u0160apca rekom Drinom, a od \u0160apca rekom Savom do strugara gde se gra\u0111a prera\u0111ivala. Izgradnja Drinskih jezera promenila je bitno na\u010din splavarenja jer je jezero usporilo, pa \u010dak i onemogu\u0107ilo splavarenej na stari na\u010din. Potpuno je prekinuto sredinom 1963.god.<\/p>\n<p>Danas se vo\u017enja splavovima isklju\u010divo upotrebljava u turisti\u010dke svrhe. Svake godine se odr\u017eava \u010duvena Drinska regata, kulturno-umetni\u010dka manifestacija kojom se o\u017eivljava splavarenje niz reku Drunu. Sredinom jula meseca na hiljade ljudi krene putevima drinskih splavara a mesto gde se zavr\u0161ava \u010duvena Drinska regata \u201eBajina Ba\u0161ta\u201c je na samo 4 kilometra od na\u0161e ku\u0107e.<\/p>\n<p>Posebnu turisti\u010dku privla\u010dnost predstavlja vo\u017enja brodom po jezeru Peru\u0107ac, kroz kanjon reke Drine. Kanjon Drine je manje poznat javnosti po nau\u010dnim prirodnja\u010dkim znamenitostima koje pretstavljaju prirodnja\u010dki fenomen biljnog i \u017eivotinjskog sveta, jedinstven u Svetu.[\/vc_column_text][\/vc_column][vc_column width=&#8220;1\/3&#8243;][vc_images_carousel images=&#8220;3560,3563,3559,3558,3561,3562&#8243; wrap=&#8220;yes&#8220;][\/vc_column][\/vc_row][vc_row css=&#8220;.vc_custom_1551994269390{background-color: rgba(30,115,190,0.05) !important;*background-color: rgb(30,115,190) !important;}&#8220;][vc_column width=&#8220;2\/3&#8243;][vc_column_text]\n<h3>Vidikovci &#8211; Bilje\u0161ka stena, Banjska stena&#8230;.<\/h3>\n<p>Kada ste na Tari nikako ne treba propustit vidikovce. Predivan pogled i o\u010duvana priroda u\u010dini\u0107e da vam ipresivan prizor ostane duboko u se\u010danju.<\/p>\n<p>Banjska stena se nalazi na Mitrovcu . Put do nje je adekvatno obele\u017een a na samom vidikovcu postoje klupe i sigurnosna ograda. Sa Banjske stene se pru\u017ea lep pogled na kanjon Drine i jezero Peru\u0107ac.<\/p>\n<p>Vidikovac Bilje\u0161ka stena\u00a0 Predovog krsta oko 6km, na 1225m nadmorske visine. U blizini se nalazi mala koliba, koju je sagradila filmska ekipa za potrebe snimanja Lali\u0107evog filma &#8211; &#8222;Ptice koje nikad ne polete&#8220;, koja se mo\u017ee slobodno koristiti. Nekoliko stolova i klupa na otvorenom omogu\u0107avaju odmor dok se u\u017eiva u pogledu. Na ovoj lokaciji mo\u017ee se videti i Pan\u010di\u0107eva omorika (relikt i endemit Balkanskog poluostrva).[\/vc_column_text][\/vc_column][vc_column width=&#8220;1\/3&#8243;][vc_images_carousel images=&#8220;3568,3565,3566,3569,3567&#8243; wrap=&#8220;yes&#8220;][\/vc_column][\/vc_row][vc_row][vc_column width=&#8220;2\/3&#8243;][vc_column_text]\n<h3>Poseta manastiru Ra\u010da<\/h3>\n<p>U neposrednoj blizini Bajine Ba\u0161te nalazi se srednjevekovni manastir Ra\u010da. Ovo velelepno zdanje skriveno me\u0111u brdima sela Ra\u010de na istoimenoj re\u010dici, koje odi\u0161e lepotom arhitekture i nosi u sebi vekove srpske istorije definitivno zaslu\u017euje da se na\u0111e na va\u0161em spisku za posetu. Ovaj manastir je zadu\u017ebina kralja Dragutina Nemanji\u0107a i datira iz 13. veka. Od vrednijih eksponata u manastiru i riznici danas mo\u017eete videti : deo mo\u0161tiju sv.Teokstita (kralja Dragutina), predmete legendarnog igumana Had\u017ei Melentija Stefanovi\u0107a :ustani\u010dku zastavu iz 1807.god, vojvodsku kasu, oru\u017eje i zlatan krst s lancem koji je Had\u017ei Melentije dobio od ruskog cara&#8230;<\/p>\n<p>Prema kategorizaciji spomenika kulture manastir Ra\u010da je kategorisan kao \u2019\u2019kulturno dobro od velikog zna\u010daja\u2019\u2019, a prostor oko manastira je od Zavoda za za\u0161titu prirode Srbije za \u2019\u2019za\u0161ti\u0107enu okolinu nepokretnog kulturnog dobra\u2019\u2019.<\/p>\n<p>Kod manastira se nalazi i manja ergela konja Nacionalnog parka &#8222;Tara&#8220;.<\/p>\n<p>Za ljubitelje pe\u0161a\u010denja kroz prirodu, preporu\u010dujemo \u0161etnju do La\u0111evca, izvora lekovite vode. Od manastira Ra\u010de do izvora istoimene reke prote\u017ee se ure\u0111ena pe\u0161a\u010dka staza koja prati re\u010dni tok. Du\u017e staze postoji vi\u0161e namenskih napravljenih odmarali\u0161ta pogodih za piknik.[\/vc_column_text][\/vc_column][vc_column width=&#8220;1\/3&#8243;][vc_images_carousel images=&#8220;3587,3588,3590,3589&#8243; wrap=&#8220;yes&#8220;][\/vc_column][\/vc_row][vc_row css=&#8220;.vc_custom_1551994661490{background-color: rgba(30,115,190,0.05) !important;*background-color: rgb(30,115,190) !important;}&#8220;][vc_column width=&#8220;2\/3&#8243;][vc_column_text]\n<h3>Jezera u Zaovinama<\/h3>\n<p>Izgradnjom brane Lazi\u0107i, na reci Beli Rzav formirano je jezero koje se zvezdasto razliva u najni\u017eim delovima sela Zaovine. Brana je visoka 130m a najve\u0107a dubina jezera je 80 m.<\/p>\n<p>Manje jezero Spaji\u0107i &#8211; nalazi se u mestu \u0110uri\u0107i &#8211; ispod velikog jezera &#8211; prvo skretanje pre brane Lazi\u0107i na putu Mitrovac &#8211; Zaovine.<\/p>\n<p>Pored jezera se nalazi i mesto gde je Josif Pan\u010di\u0107 prvi put ugledao Omoruiku.<\/p>\n<p>Zaovine su idealno mesto za sportove na vodi, pecanje, orijentaciju, ishranu u prirodi&#8230;[\/vc_column_text][\/vc_column][vc_column width=&#8220;1\/3&#8243;][vc_images_carousel images=&#8220;3572,3574,3570,3573,3571&#8243; wrap=&#8220;yes&#8220;][\/vc_column][\/vc_row][vc_row][vc_column width=&#8220;2\/3&#8243;][vc_column_text]\n<h3>Ergela konja<\/h3>\n<p>Na manastirskom posedu u blizini manastira Sabor srpskih svetitelja\u00a0nalazi se ergela konja nacionalnog parka \u201eTara\u201c. U njoj se mo\u017ee izvr\u0161ti obuka\u00a0 i iznajmiti konji za rekreativno jahanje. Ovde mo\u017eete iskoristiti i jedinstvenu priliku da Taru obi\u0111ete i na konjima.[\/vc_column_text][\/vc_column][vc_column width=&#8220;1\/3&#8243;][vc_images_carousel images=&#8220;3579,3577,3580,3578&#8243; wrap=&#8220;yes&#8220;][\/vc_column][\/vc_row]","protected":false},"excerpt":{"rendered":"<p>[vc_row css=&#8220;.vc_custom_1551994904623{background-color: rgba(30,115,190,0.05) !important;*background-color: rgb(30,115,190) !important;}&#8220;][vc_column][vc_column_text] Ukoliko\u00a0se odlu\u010dite da kod nas potro\u0161ite svoje dragoceno vreme i kraj Drine provedete svoje [&hellip;]<\/p>\n","protected":false},"author":1,"featured_media":0,"parent":0,"menu_order":0,"comment_status":"closed","ping_status":"closed","template":"","meta":{"footnotes":""},"class_list":["post-3485","page","type-page","status-publish","hentry"],"_links":{"self":[{"href":"https:\/\/drinskakuca.rs\/index.php?rest_route=\/wp\/v2\/pages\/3485","targetHints":{"allow":["GET"]}}],"collection":[{"href":"https:\/\/drinskakuca.rs\/index.php?rest_route=\/wp\/v2\/pages"}],"about":[{"href":"https:\/\/drinskakuca.rs\/index.php?rest_route=\/wp\/v2\/types\/page"}],"author":[{"embeddable":true,"href":"https:\/\/drinskakuca.rs\/index.php?rest_route=\/wp\/v2\/users\/1"}],"replies":[{"embeddable":true,"href":"https:\/\/drinskakuca.rs\/index.php?rest_route=%2Fwp%2Fv2%2Fcomments&post=3485"}],"version-history":[{"count":28,"href":"https:\/\/drinskakuca.rs\/index.php?rest_route=\/wp\/v2\/pages\/3485\/revisions"}],"predecessor-version":[{"id":3598,"href":"https:\/\/drinskakuca.rs\/index.php?rest_route=\/wp\/v2\/pages\/3485\/revisions\/3598"}],"wp:attachment":[{"href":"https:\/\/drinskakuca.rs\/index.php?rest_route=%2Fwp%2Fv2%2Fmedia&parent=3485"}],"curies":[{"name":"wp","href":"https:\/\/api.w.org\/{rel}","templated":true}]}}