{"id":3482,"date":"2019-03-07T13:23:37","date_gmt":"2019-03-07T13:23:37","guid":{"rendered":"https:\/\/drinskakuca.rs\/wp\/?page_id=3482"},"modified":"2019-03-07T22:06:47","modified_gmt":"2019-03-07T22:06:47","slug":"reka-drina","status":"publish","type":"page","link":"https:\/\/drinskakuca.rs\/?page_id=3482","title":{"rendered":"Reka DRINA"},"content":{"rendered":"[vc_row][vc_column][vc_column_text]Reka Drina (329 km) pripada Crnomorskom slivu, a nastaje spajenjem reka Tare i Pive kod \u0160\u0107epan Polja (nadmorska visina 470 m). Slivno podru\u010dje obuhvata jugozapadni i zapadni deo Srbije, severni deo Crne Gore i isto\u010dni deo Republike Srpske. Pravac njenog toka je od juga ka severu i ima dosta pritoka. Ve\u0107e pritoke sa leve strane su: Sutjeska, Bistrica, Pra\u010da, Drinja\u010da i Janja, a sa desne: \u0106ehotina, Lim, Rzav, Ljubovi\u0111a i Jadar.<\/p>\n<p>Drina je najve\u0107a pritoka reke Save u koju se uliva blizu Sremske Ra\u010de (81 m).<\/p>\n<p>U stara vremena imala je ime Drinos, a narodno ime, po boji vode je Zelenika. Najlep\u0161i i najdu\u017ei (24 km) kanjon je od \u017depe do Klotijevca. \u0160irina reke je od 15 m na mestu zvanom Tijesno do 200 m kod Peru\u0107ca i Zvornika. Ve\u0107i gradovi kroz koje proti\u010de Drina su Fo\u010da, Gora\u017ede, Vi\u0161egrad, Bajina Ba\u0161ta i Zvornik (140 m).<\/p>\n<p>Divlja snaga Drine je ukro\u0107ena branama i jezerima (Vi\u0161egradsko, Peru\u0107ac, Zvorni\u010dko) \u010dime je naru\u0161ena ali ne i uni\u0161tena lepota drinskih kanjona.<\/p>\n<p>HE \u201eBajina Ba\u0161ta\u201c u Peru\u0107cu je najve\u0107i objekat sagra\u0111en na reci Drini. Reka je pregra\u0111ena branom visokom 90 i duga\u010dkom 460 metara. Pu\u0161tena je u rad 22. novembra 1966. Instalisana su \u010detiri agregata ukupne snage 365 MW. Korisna zapremina akumulacije je 340 miliona m\u00b3. HE \u201eBajina Ba\u0161ta\u201c godi\u0161nje proizvede oko 1500 GWh.<\/p>\n<p><b>Kanjon Drine<\/b><\/p>\n<p>Kanjon Drine, najvi\u0161e poznat po drevnom splavarenju, kroz strme i mra\u010dne litice Tare i Su\u0161ice, niz valovite i hu\u010dne slapove Drine. Danas kanjon Drine vi\u0161e predstavlja izuzetan do\u017eivljaj za turiste u \u0161etnji brodom od Peru\u0107ca.<\/p>\n<p>Kanjon Drine je manje poznat javnosti po nau\u010dnim prirodnja\u010dkim znamenitostima koje pretstavljaju prirodnja\u010dki fenomen biljnog i \u017eivotinjskog sveta, jedinstven u Svetu. Raznovrstan geomorfolo\u0161ki sastav, pravac pru\u017eanja kanjonskih pritoka Ra\u010de, Dervente, Nevenskog potoka, Crnog potoka, Brusnice, \u017depe, Rzava i sam polo\u017eaj planine Tare obezbe\u0111uje posebna mikroklimatska stani\u0161ta, sa malim klimatskim varijacijama, gde je omogu\u0107en opstanak iskonskih pra\u0161umskih sastojina endemskih i relitnih biljnih i \u017eivotinjskih vrsta. Neke vrste su opstale i zadr\u017eale samo na uskim podru\u010djima kanjona i prestavljaju relikte, \u017eive fosile i endeme. Od biljnog sveta najpoznatija je Pan\u010di\u0107eva omorika.[\/vc_column_text][vc_gallery images=&#8220;3599,3601,3561,3550,3567,3563,3558,3494&#8243; img_size=&#8220;medium&#8220; columns=&#8220;4&#8243;][\/vc_column][\/vc_row]","protected":false},"excerpt":{"rendered":"<p>[vc_row][vc_column][vc_column_text]Reka Drina (329 km) pripada Crnomorskom slivu, a nastaje spajenjem reka Tare i Pive kod \u0160\u0107epan Polja (nadmorska visina 470 [&hellip;]<\/p>\n","protected":false},"author":1,"featured_media":0,"parent":0,"menu_order":0,"comment_status":"closed","ping_status":"closed","template":"","meta":{"footnotes":""},"class_list":["post-3482","page","type-page","status-publish","hentry"],"_links":{"self":[{"href":"https:\/\/drinskakuca.rs\/index.php?rest_route=\/wp\/v2\/pages\/3482","targetHints":{"allow":["GET"]}}],"collection":[{"href":"https:\/\/drinskakuca.rs\/index.php?rest_route=\/wp\/v2\/pages"}],"about":[{"href":"https:\/\/drinskakuca.rs\/index.php?rest_route=\/wp\/v2\/types\/page"}],"author":[{"embeddable":true,"href":"https:\/\/drinskakuca.rs\/index.php?rest_route=\/wp\/v2\/users\/1"}],"replies":[{"embeddable":true,"href":"https:\/\/drinskakuca.rs\/index.php?rest_route=%2Fwp%2Fv2%2Fcomments&post=3482"}],"version-history":[{"count":5,"href":"https:\/\/drinskakuca.rs\/index.php?rest_route=\/wp\/v2\/pages\/3482\/revisions"}],"predecessor-version":[{"id":3607,"href":"https:\/\/drinskakuca.rs\/index.php?rest_route=\/wp\/v2\/pages\/3482\/revisions\/3607"}],"wp:attachment":[{"href":"https:\/\/drinskakuca.rs\/index.php?rest_route=%2Fwp%2Fv2%2Fmedia&parent=3482"}],"curies":[{"name":"wp","href":"https:\/\/api.w.org\/{rel}","templated":true}]}}