{"id":3477,"date":"2019-03-07T13:12:33","date_gmt":"2019-03-07T13:12:33","guid":{"rendered":"https:\/\/drinskakuca.rs\/wp\/?page_id=3477"},"modified":"2020-02-13T15:15:40","modified_gmt":"2020-02-13T15:15:40","slug":"planina-tara","status":"publish","type":"page","link":"https:\/\/drinskakuca.rs\/?page_id=3477","title":{"rendered":"Nacionalni park Tara"},"content":{"rendered":"[vc_row][vc_column][vc_column_text]Tara se nalazi u zapadnom delu Srbije i pripada unutra\u0161njem pojasu Dinarida i zauzima \u00a0povr\u0161inu od 183 km2. Du\u017eina Tare je je 50 km, a \u0161irina 22 km i ima prose\u010dnu nadmorsku visinu od 1200 m. Najvi\u0161i vrh je Kozji rid sa 1591 m. Pripada grupi podrinjskih planina\u00a0a briga o najlep\u0161oj planini Zapadne Srbije 1981 god. poverena je Javnom\u00a0prepreduz\u0107u\u00a0Nacionalni park Tara. On pokriva povr\u0161inu od 19200 hektara.<\/p>\n<p>Od 53 vrste sisara koliko ih je zabele\u017eeno na Tari, najatraktivniji su mrki medved, divokoze koje na Tari \u017eive i na 290mnv. Prisutno je 135 vrsta ptica a posebno se isti\u010du i najugro\u017eenije\u00a0 vrste poput orlova, sokolova i drugih \u010dista\u010da prirode.<\/p>\n<p>U \u0161umama Tare postoji vi\u0161e od 251 vrste gljiva, od kojih su samo 3 otrovne.<\/p>\n<p>Ribolov na vodama kojima gazduje NP Tara predstavlja pravo u\u017eivanje. Ove vodotokove nastanjuje oko 40 vrsta riba (mladica, lipljan, som, \u0161aran, mrena.jez\u2026).<\/p>\n<p>Na Tari je obele\u017eeno 18 planinarskih staza sa ukupnom du\u017einom od 120km. Za kori\u0161\u0107enje ovih staza preporu\u010duje se kori\u0161\u0107enje planinarskih mapa do kojih se mo\u017ee do\u0107i na informativnim punktovima u Parku.<\/p>\n<p>Projektom TAROCIKL definisano je 27 biciklisti\u010dkih staza du\u017eine oko 420km i otvorena vrata novoj vrsti turizma, bez \u0161tetnih posledica.<\/p>\n<p>Lov u Nacionalnom parku je dobro organizovan a u \u00a0\u0161umama Tare ima oko 40 medveda, 300 divokoza, 320 srna i oko 40 divljih svinja. Dozvolu za lov, vodi\u010de i transport divlja\u010di na druga podru\u010dja, odobrava Slu\u017eba za za\u0161titu i unapre\u0111enje lova i ribolova JP Nacionalni park Tara.<\/p>\n<p>Podru\u010dje NP Tara obiluje arheolo\u0161kim nalazi\u0161tima koja datiraju od neolita do srednjeg veka. Poznate su neke nekropole \u2013 ste\u0107ci u Peru\u0107cu, ostatci srednjevekovnog utvr\u0111enja Solotnik i manastir Ra\u010da, zadu\u017ebina kralja Dragutina Nemanji\u0107a iz 13-og\u00a0 veka.<\/p>\n<p>Turisti\u010dki razvijene oblasti na Tari su: Kalu\u0111erske Bare, Mitrovac, Zaovine, \u0160ljivovica i Predov krst.<\/p>\n<h3>NA PLANINI KOJU JE PREMA LEGENDI BOG TAR ODABRAO DA NA NJOJ PROVEDE SVOJ BO\u017dANSKI \u017dIVOT NALAZE SE MESTA I LEPOTE KOJE OBAVEZNO TREBA POSETITI.<\/h3>\n[\/vc_column_text][vc_gallery images=&#8220;3568,3572,3577,3573,3565,3559,3588,3569&#8243; img_size=&#8220;medium&#8220; columns=&#8220;4&#8243;][\/vc_column][\/vc_row]","protected":false},"excerpt":{"rendered":"<p>[vc_row][vc_column][vc_column_text]Tara se nalazi u zapadnom delu Srbije i pripada unutra\u0161njem pojasu Dinarida i zauzima \u00a0povr\u0161inu od 183 km2. Du\u017eina Tare [&hellip;]<\/p>\n","protected":false},"author":1,"featured_media":0,"parent":0,"menu_order":0,"comment_status":"closed","ping_status":"closed","template":"","meta":{"footnotes":""},"class_list":["post-3477","page","type-page","status-publish","hentry"],"_links":{"self":[{"href":"https:\/\/drinskakuca.rs\/index.php?rest_route=\/wp\/v2\/pages\/3477","targetHints":{"allow":["GET"]}}],"collection":[{"href":"https:\/\/drinskakuca.rs\/index.php?rest_route=\/wp\/v2\/pages"}],"about":[{"href":"https:\/\/drinskakuca.rs\/index.php?rest_route=\/wp\/v2\/types\/page"}],"author":[{"embeddable":true,"href":"https:\/\/drinskakuca.rs\/index.php?rest_route=\/wp\/v2\/users\/1"}],"replies":[{"embeddable":true,"href":"https:\/\/drinskakuca.rs\/index.php?rest_route=%2Fwp%2Fv2%2Fcomments&post=3477"}],"version-history":[{"count":6,"href":"https:\/\/drinskakuca.rs\/index.php?rest_route=\/wp\/v2\/pages\/3477\/revisions"}],"predecessor-version":[{"id":3677,"href":"https:\/\/drinskakuca.rs\/index.php?rest_route=\/wp\/v2\/pages\/3477\/revisions\/3677"}],"wp:attachment":[{"href":"https:\/\/drinskakuca.rs\/index.php?rest_route=%2Fwp%2Fv2%2Fmedia&parent=3477"}],"curies":[{"name":"wp","href":"https:\/\/api.w.org\/{rel}","templated":true}]}}