{"id":3461,"date":"2019-03-07T12:03:32","date_gmt":"2019-03-07T12:03:32","guid":{"rendered":"https:\/\/drinskakuca.rs\/wp\/?page_id=3461"},"modified":"2019-03-07T20:27:19","modified_gmt":"2019-03-07T20:27:19","slug":"okolina-kuce","status":"publish","type":"page","link":"https:\/\/drinskakuca.rs\/?page_id=3461","title":{"rendered":"Okolina ku\u0107e"},"content":{"rendered":"[vc_row][vc_column][vc_column_text]Od same ku\u0107e se mogu praviti zanimljive \u0161etnje u autenti\u010dnoj i sa\u010duvanoj prirodi ovog kraja Srbije. Zastati pored \u010duvenih vodenica poto\u010dara, okrepiti se vodom sa mnogobrojnih izvora ili u\u017eivati u pogledu sa nekoliko vrhova planine Sokoline (1240 mnv) koja je na 4,5 km od na\u0161e ku\u0107e.[\/vc_column_text][vc_gallery images=&#8220;3510,3511,3512,3513,3514,3515,3516,3517,3518,3519,3520,3521,3522,3523,3524,3525,3527,3529,3530,3531,3532,3533,3534,3535,3536&#8243; img_size=&#8220;medium&#8220; columns=&#8220;5&#8243;][vc_column_text]\n<p style=\"text-align: center;\">Pogledajte veliku panoramu Gvozda\u010dkih stena i vrha Sokolina<\/p>\n[\/vc_column_text][vc_single_image image=&#8220;3538&#8243; img_size=&#8220;large&#8220; alignment=&#8220;center&#8220; onclick=&#8220;link_image&#8220;][\/vc_column][\/vc_row]","protected":false},"excerpt":{"rendered":"<p>[vc_row][vc_column][vc_column_text]Od same ku\u0107e se mogu praviti zanimljive \u0161etnje u autenti\u010dnoj i sa\u010duvanoj prirodi ovog kraja Srbije. Zastati pored \u010duvenih vodenica [&hellip;]<\/p>\n","protected":false},"author":1,"featured_media":0,"parent":0,"menu_order":0,"comment_status":"closed","ping_status":"closed","template":"","meta":{"footnotes":""},"class_list":["post-3461","page","type-page","status-publish","hentry"],"_links":{"self":[{"href":"https:\/\/drinskakuca.rs\/index.php?rest_route=\/wp\/v2\/pages\/3461","targetHints":{"allow":["GET"]}}],"collection":[{"href":"https:\/\/drinskakuca.rs\/index.php?rest_route=\/wp\/v2\/pages"}],"about":[{"href":"https:\/\/drinskakuca.rs\/index.php?rest_route=\/wp\/v2\/types\/page"}],"author":[{"embeddable":true,"href":"https:\/\/drinskakuca.rs\/index.php?rest_route=\/wp\/v2\/users\/1"}],"replies":[{"embeddable":true,"href":"https:\/\/drinskakuca.rs\/index.php?rest_route=%2Fwp%2Fv2%2Fcomments&post=3461"}],"version-history":[{"count":8,"href":"https:\/\/drinskakuca.rs\/index.php?rest_route=\/wp\/v2\/pages\/3461\/revisions"}],"predecessor-version":[{"id":3545,"href":"https:\/\/drinskakuca.rs\/index.php?rest_route=\/wp\/v2\/pages\/3461\/revisions\/3545"}],"wp:attachment":[{"href":"https:\/\/drinskakuca.rs\/index.php?rest_route=%2Fwp%2Fv2%2Fmedia&parent=3461"}],"curies":[{"name":"wp","href":"https:\/\/api.w.org\/{rel}","templated":true}]}}