{"id":3273,"date":"2014-09-14T09:20:26","date_gmt":"2014-09-14T09:20:26","guid":{"rendered":"http:\/\/localhost\/final-leisure\/?page_id=19"},"modified":"2021-03-26T07:07:49","modified_gmt":"2021-03-26T07:07:49","slug":"contact","status":"publish","type":"page","link":"https:\/\/drinskakuca.rs\/?page_id=3273","title":{"rendered":"Kontakt"},"content":{"rendered":"[vc_row][vc_column width=&#8220;7\/12&#8243;]<div role=\"form\" class=\"wpcf7\" id=\"wpcf7-f3640-o1\" lang=\"sr-RS\" dir=\"ltr\">\n<div class=\"screen-reader-response\"><p role=\"status\" aria-live=\"polite\" aria-atomic=\"true\"><\/p> <ul><\/ul><\/div>\n<form action=\"\/index.php?rest_route=%2Fwp%2Fv2%2Fpages%2F3273#wpcf7-f3640-o1\" method=\"post\" class=\"wpcf7-form init\" novalidate=\"novalidate\" data-status=\"init\">\n<div style=\"display: none;\">\n<input type=\"hidden\" name=\"_wpcf7\" value=\"3640\" \/>\n<input type=\"hidden\" name=\"_wpcf7_version\" value=\"5.4\" \/>\n<input type=\"hidden\" name=\"_wpcf7_locale\" value=\"sr_RS\" \/>\n<input type=\"hidden\" name=\"_wpcf7_unit_tag\" value=\"wpcf7-f3640-o1\" \/>\n<input type=\"hidden\" name=\"_wpcf7_container_post\" value=\"0\" \/>\n<input type=\"hidden\" name=\"_wpcf7_posted_data_hash\" value=\"\" \/>\n<input type=\"hidden\" name=\"_wpcf7_recaptcha_response\" value=\"\" \/>\n<\/div>\n<p><label> Va\u0161e ime (obavezno)<br \/>\n    <span class=\"wpcf7-form-control-wrap your-name\"><input type=\"text\" name=\"your-name\" value=\"\" size=\"40\" class=\"wpcf7-form-control wpcf7-text wpcf7-validates-as-required\" aria-required=\"true\" aria-invalid=\"false\" \/><\/span> <\/label><\/p>\n<p><label> Va\u0161a e-po\u0161ta (obavezno)<br \/>\n    <span class=\"wpcf7-form-control-wrap your-email\"><input type=\"email\" name=\"your-email\" value=\"\" size=\"40\" class=\"wpcf7-form-control wpcf7-text wpcf7-email wpcf7-validates-as-required wpcf7-validates-as-email\" aria-required=\"true\" aria-invalid=\"false\" \/><\/span> <\/label><\/p>\n<p><label> Predmet<br \/>\n    <span class=\"wpcf7-form-control-wrap your-subject\"><input type=\"text\" name=\"your-subject\" value=\"\" size=\"40\" class=\"wpcf7-form-control wpcf7-text\" aria-invalid=\"false\" \/><\/span> <\/label><\/p>\n<p><label> Va\u0161a poruka<br \/>\n    <span class=\"wpcf7-form-control-wrap your-message\"><textarea name=\"your-message\" cols=\"40\" rows=\"10\" class=\"wpcf7-form-control wpcf7-textarea\" aria-invalid=\"false\"><\/textarea><\/span> <\/label><\/p>\n<p><input type=\"submit\" value=\"Po\u0161alji\" class=\"wpcf7-form-control wpcf7-submit\" \/><\/p>\n<div class=\"wpcf7-response-output\" aria-hidden=\"true\"><\/div><\/form><\/div>[\/vc_column][vc_column width=&#8220;1\/3&#8243; offset=&#8220;vc_col-sm-offset-1&#8243;][vc_column_text]\n<h3>POZOVITE NAS<\/h3>\n<p>Vrlo rado \u0107emo odgovoriti na svaki va\u0161 zahtev ili upit o na\u0161oj ekskluzivnoj ku\u0107i.[\/vc_column_text]<div class=\"person-mini\"><img loading=\"lazy\" decoding=\"async\" width=\"380\" height=\"414\" src=\"https:\/\/drinskakuca.rs\/wp\/wp-content\/uploads\/2019\/03\/pavle-saric.jpg\" class=\"attachment-large size-large\" alt=\"\" srcset=\"https:\/\/drinskakuca.rs\/wp\/wp-content\/uploads\/2019\/03\/pavle-saric.jpg 380w, https:\/\/drinskakuca.rs\/wp\/wp-content\/uploads\/2019\/03\/pavle-saric-275x300.jpg 275w\" sizes=\"auto, (max-width: 380px) 100vw, 380px\" \/><strong>Pavle Sari\u0107<\/strong>Menad\u017eer<br>+381 (0)63 8675507<br>office@drinskakuca.rs<\/div>[\/vc_column][\/vc_row]","protected":false},"excerpt":{"rendered":"<p>[vc_row][vc_column width=&#8220;7\/12&#8243;][\/vc_column][vc_column width=&#8220;1\/3&#8243; offset=&#8220;vc_col-sm-offset-1&#8243;][vc_column_text] POZOVITE NAS Vrlo rado \u0107emo odgovoriti na svaki va\u0161 zahtev ili upit o na\u0161oj ekskluzivnoj ku\u0107i.[\/vc_column_text][\/vc_column][\/vc_row]<\/p>\n","protected":false},"author":1,"featured_media":0,"parent":0,"menu_order":0,"comment_status":"closed","ping_status":"closed","template":"page-templates\/contact.php","meta":{"footnotes":""},"class_list":["post-3273","page","type-page","status-publish","hentry"],"_links":{"self":[{"href":"https:\/\/drinskakuca.rs\/index.php?rest_route=\/wp\/v2\/pages\/3273","targetHints":{"allow":["GET"]}}],"collection":[{"href":"https:\/\/drinskakuca.rs\/index.php?rest_route=\/wp\/v2\/pages"}],"about":[{"href":"https:\/\/drinskakuca.rs\/index.php?rest_route=\/wp\/v2\/types\/page"}],"author":[{"embeddable":true,"href":"https:\/\/drinskakuca.rs\/index.php?rest_route=\/wp\/v2\/users\/1"}],"replies":[{"embeddable":true,"href":"https:\/\/drinskakuca.rs\/index.php?rest_route=%2Fwp%2Fv2%2Fcomments&post=3273"}],"version-history":[{"count":13,"href":"https:\/\/drinskakuca.rs\/index.php?rest_route=\/wp\/v2\/pages\/3273\/revisions"}],"predecessor-version":[{"id":3679,"href":"https:\/\/drinskakuca.rs\/index.php?rest_route=\/wp\/v2\/pages\/3273\/revisions\/3679"}],"wp:attachment":[{"href":"https:\/\/drinskakuca.rs\/index.php?rest_route=%2Fwp%2Fv2%2Fmedia&parent=3273"}],"curies":[{"name":"wp","href":"https:\/\/api.w.org\/{rel}","templated":true}]}}