{"id":3268,"date":"2014-09-14T08:54:12","date_gmt":"2014-09-14T08:54:12","guid":{"rendered":"http:\/\/localhost\/final-leisure\/?page_id=2"},"modified":"2021-10-27T12:18:41","modified_gmt":"2021-10-27T12:18:41","slug":"sample-page-2","status":"publish","type":"page","link":"https:\/\/drinskakuca.rs\/","title":{"rendered":"Naslovna"},"content":{"rendered":"[vc_row full_width=&#8220;stretch_row&#8220; css=&#8220;.vc_custom_1436823427497{padding-top: 2.8rem !important;padding-bottom: 2.8rem !important;background-color: #f0f1f2 !important;}&#8220;][vc_column][vc_column_text][\/vc_column_text][\/vc_column][\/vc_row][vc_row][vc_column width=&#8220;2\/3&#8243; offset=&#8220;vc_col-sm-offset-2&#8243;][vc_column_text]\n<h1 style=\"text-align: center;\"><small>U PITOMOM KRAJU REKE DRINE<\/small>EKSLUZIVNA KU\u0106A ZA ODMOR<\/h1>\n<p class=\"lead\" style=\"text-align: center;\">Dragi na\u0161i GOSTI, izuzetno nam je zadovoljstvo \u0161to Vas mo\u017eemo na ovaj na\u010din pozdraviti i po\u017eeleti Vam dobrodo\u0161licu u na\u0161u ku\u0107u. Na ovim stranicama smo se potrudili da Vam bar malo predstavimo sve ono \u010dime se mi, ovde kraj reke Drine ponosimo i sve \u0161to svojim gostima sa osmehom mo\u017eemo ponuditi. Sve \u0161to \u0107ete ovde, kraj ove na\u0161e prelepe reke prona\u0107i, sigurno Vas ne\u0107e razo\u010darati, ali ne morate nam verovati na re\u010d, do\u0111ite i uverite se sami&#8230;<\/p>\n<p><strong>Ukoliko postoji ne\u0161to \u0161to bi ste \u017eeleli znati, a \u0161to na ovim na\u0161im stranicama mo\u017eda niste prona\u0161li, pi\u0161ite nam, pitajte nas, i bi\u0107e nam zadovoljstvo da Vam pomognemo u planiranju Va\u0161eg savr\u0161enog odmora.\u00a0<\/strong><\/p>\n<p style=\"text-align: center;\"><a class=\"btn-inline btn\" href=\"#\">Za\u0161to da odmarate ba\u0161 kod nas?<\/a><\/p>\n[\/vc_column_text][\/vc_column][\/vc_row][vc_row full_width=&#8220;stretch_row&#8220; parallax=&#8220;content-moving&#8220; parallax_layers=&#8220;yes&#8220; style_images=&#8220;yes&#8220; css=&#8220;.vc_custom_1551886946774{background-image: url(https:\/\/drinskakuca.rs\/wp\/wp-content\/uploads\/2014\/09\/bg-parallax-3.jpg?id=638) !important;background-position: center;background-repeat: no-repeat;background-size:cover;}&#8220; parallax_offset=&#8220;150&#8243; layer_1=&#8220;83&#8243; layer_2=&#8220;73&#8243; layer_3=&#8220;48&#8243; layer_1_ratio=&#8220;1.25123&#8243; layer_2_ratio=&#8220;0.94456456&#8243; layer_3_ratio=&#8220;1.111111&#8243; layer_1_vertical=&#8220;top: 50%&#8220; layer_1_horizontal=&#8220;left: 17%&#8220; layer_2_vertical=&#8220;top: 25%&#8220; layer_2_horizontal=&#8220;left: 24%&#8220; layer_3_vertical=&#8220;top: -10%&#8220; layer_3_horizontal=&#8220;left: 12%&#8220; layer_1_z=&#8220;1&#8243; layer_2_z=&#8220;0&#8243; layer_3_z=&#8220;1&#8243; el_class=&#8220;content-padding-xxl&#8220; layer_1_width=&#8220;500&#8243;][vc_column width=&#8220;1\/2&#8243; offset=&#8220;vc_col-sm-offset-6&#8243;][vc_column_text]\n<h2><small>NAJBOLJE U SRBIJI<\/small>Drinska Ku\u0107a<\/h2>\n<p>je napravljena za odabranog putnika koji \u017eeli luksuzan odmor u ambijentu koji predstavlja Srbiju u njenom najboljem svetlu.<\/p>\n<p>Ako po\u017eelite da se opustite pored\u00a0<strong>bazena<\/strong>, na terasama sa pogledom na reku, sauni, \u0111akuziju ili si\u0111ete do reke Drine onda je na\u0161a vila pravo mesto za Vas.<\/p>\n<p><strong>Na skoro jedan hektar<\/strong>\u00a0imanja u potpunoj privatnost provedite nezaboravne trenutke.<\/p>\n<p><strong>Drinska ku\u0107a vas o\u010dekuje i u najhladnijim zimskim danima.\u00a0<\/strong>Pored podnog,radijatorskog i klimatskog grejanja u dnevnom boravku imamo i otvoreni kamin koji \u0107e vas sigurno zagrejati i upotpuniti atmosferu u dugim zimskim no\u0107ima.[\/vc_column_text][\/vc_column][\/vc_row][vc_row][vc_column]<h2 class=\"text-center\"><small>\u0160ta sve mo\u017eete o\u010dekivati od reke Drine i planine Tare?<\/small>ODMOR U PRIRODI<\/h2><div class='services-carousel ' data-owl='{&quot;items&quot;:4,&quot;nav&quot;:false,&quot;navText&quot;:[],&quot;loop&quot;:true,&quot;autoplay&quot;:true,&quot;autoplayTimeout&quot;:2000,&quot;autoplayHoverPause&quot;:true,&quot;responsive&quot;:{&quot;0&quot;:{&quot;items&quot;:1,&quot;dots&quot;:false,&quot;nav&quot;:false},&quot;767&quot;:{&quot;items&quot;:4,&quot;dots&quot;:false},&quot;992&quot;:{&quot;items&quot;:4,&quot;dots&quot;:false}}}'><div class=\"item\">\n  <a href=\"https:\/\/drinskakuca.rs\/?page_id=3461\" target=\"_self\" class=\"link-image\" title=\"Okolina ku\u0107e\"><img loading=\"lazy\" decoding=\"async\" width=\"750\" height=\"500\" src=\"https:\/\/drinskakuca.rs\/wp\/wp-content\/uploads\/2019\/03\/DrinskaKuca-okolina-naslovna.jpg\" class=\"attachment-large size-large\" alt=\"\" srcset=\"https:\/\/drinskakuca.rs\/wp\/wp-content\/uploads\/2019\/03\/DrinskaKuca-okolina-naslovna.jpg 800w, https:\/\/drinskakuca.rs\/wp\/wp-content\/uploads\/2019\/03\/DrinskaKuca-okolina-naslovna-300x200.jpg 300w, https:\/\/drinskakuca.rs\/wp\/wp-content\/uploads\/2019\/03\/DrinskaKuca-okolina-naslovna-768x512.jpg 768w\" sizes=\"auto, (max-width: 750px) 100vw, 750px\" \/><\/a>      <div class=\"item-content\">\n      <h4><a href=\"https:\/\/drinskakuca.rs\/?page_id=3461\" target=\"_self\" >Okolina ku\u0107e<\/a><\/h4>      <p>Od same ku\u0107e se mogu praviti zanimljive \u0161etnje u autenti\u010dnoj i sa\u010duvanoj prirodi ovog kraja Srbije.<\/p>    <\/div>\n  <\/div>\n<div class=\"item\">\n  <a href=\"https:\/\/drinskakuca.rs\/?page_id=3485\" target=\"_self\" class=\"link-image\" title=\"Aktivnosti\"><img loading=\"lazy\" decoding=\"async\" width=\"750\" height=\"500\" src=\"https:\/\/drinskakuca.rs\/wp\/wp-content\/uploads\/2019\/03\/tara-banjska-stena-vidikovac-2.jpg\" class=\"attachment-large size-large\" alt=\"\" srcset=\"https:\/\/drinskakuca.rs\/wp\/wp-content\/uploads\/2019\/03\/tara-banjska-stena-vidikovac-2.jpg 800w, https:\/\/drinskakuca.rs\/wp\/wp-content\/uploads\/2019\/03\/tara-banjska-stena-vidikovac-2-300x200.jpg 300w, https:\/\/drinskakuca.rs\/wp\/wp-content\/uploads\/2019\/03\/tara-banjska-stena-vidikovac-2-768x512.jpg 768w\" sizes=\"auto, (max-width: 750px) 100vw, 750px\" \/><\/a>      <div class=\"item-content\">\n      <h4><a href=\"https:\/\/drinskakuca.rs\/?page_id=3485\" target=\"_self\" >Aktivnosti<\/a><\/h4>      <p>Pored u\u017eivanja u komforu koji Vam nudi na\u0161a Drinska ku\u0107a, mo\u017eete sebi i drugima ulep\u0161ati odmor nekim lepim izletima, \u0161etnjama u pritodi...<\/p>    <\/div>\n  <\/div>\n<div class=\"item\">\n  <a href=\"https:\/\/drinskakuca.rs\/?page_id=3477\" target=\"_self\" class=\"link-image\" title=\"Nacionalni park TARA\"><img loading=\"lazy\" decoding=\"async\" width=\"750\" height=\"500\" src=\"https:\/\/drinskakuca.rs\/wp\/wp-content\/uploads\/2019\/03\/tara-zaovine-jezera-3.jpg\" class=\"attachment-large size-large\" alt=\"\" srcset=\"https:\/\/drinskakuca.rs\/wp\/wp-content\/uploads\/2019\/03\/tara-zaovine-jezera-3.jpg 800w, https:\/\/drinskakuca.rs\/wp\/wp-content\/uploads\/2019\/03\/tara-zaovine-jezera-3-300x200.jpg 300w, https:\/\/drinskakuca.rs\/wp\/wp-content\/uploads\/2019\/03\/tara-zaovine-jezera-3-768x512.jpg 768w\" sizes=\"auto, (max-width: 750px) 100vw, 750px\" \/><\/a>      <div class=\"item-content\">\n      <h4><a href=\"https:\/\/drinskakuca.rs\/?page_id=3477\" target=\"_self\" >Nacionalni park TARA<\/a><\/h4>      <p>Na planini koju je prema legendi bog Tar odabrao da na njoj provede svoj bo\u017eanski \u017eivot nalaze se mesta i lepote koje obavezno treba posetiti:<\/p>    <\/div>\n  <\/div>\n<div class=\"item\">\n  <a href=\"https:\/\/drinskakuca.rs\/?page_id=3482\" target=\"_self\" class=\"link-image\" title=\"Reka Drina\"><img loading=\"lazy\" decoding=\"async\" width=\"750\" height=\"500\" src=\"https:\/\/drinskakuca.rs\/wp\/wp-content\/uploads\/2019\/03\/reka-drina-1.jpg\" class=\"attachment-large size-large\" alt=\"\" srcset=\"https:\/\/drinskakuca.rs\/wp\/wp-content\/uploads\/2019\/03\/reka-drina-1.jpg 800w, https:\/\/drinskakuca.rs\/wp\/wp-content\/uploads\/2019\/03\/reka-drina-1-300x200.jpg 300w, https:\/\/drinskakuca.rs\/wp\/wp-content\/uploads\/2019\/03\/reka-drina-1-768x512.jpg 768w\" sizes=\"auto, (max-width: 750px) 100vw, 750px\" \/><\/a>      <div class=\"item-content\">\n      <h4><a href=\"https:\/\/drinskakuca.rs\/?page_id=3482\" target=\"_self\" >Reka Drina<\/a><\/h4>      <p>Kanjon Drine vi\u0161e predstavlja izuzetan do\u017eivljaj za turiste u vo\u017enji brodom od Peru\u0107ca. Imala je ime Drinos, a narodno ime, po boji vode je Zelenika.<\/p>    <\/div>\n  <\/div>\n<\/div>[vc_row_inner equal_height=&#8220;yes&#8220; gap=&#8220;30&#8243;][vc_column_inner width=&#8220;1\/6&#8243;][\/vc_column_inner][vc_column_inner width=&#8220;1\/6&#8243;][\/vc_column_inner][vc_column_inner width=&#8220;1\/6&#8243;][vc_icon type=&#8220;typicons&#8220; icon_typicons=&#8220;typcn typcn-social-instagram&#8220; color=&#8220;juicy_pink&#8220; background_style=&#8220;rounded-less&#8220; align=&#8220;right&#8220; link=&#8220;url:https%3A%2F%2Fwww.instagram.com%2Fdrinskakuca%2F|title:Drinska%20Ku%C4%87a%20Facebook|target:%20_blank|&#8220;][\/vc_column_inner][vc_column_inner width=&#8220;1\/6&#8243;][vc_icon type=&#8220;typicons&#8220; icon_typicons=&#8220;typcn typcn-social-facebook&#8220; background_style=&#8220;rounded-less&#8220; align=&#8220;center&#8220; link=&#8220;url:https%3A%2F%2Fwww.facebook.com%2FDrinska-kuca-285096441053%2F|title:Drinska%20Ku%C4%87a%20Facebook|target:%20_blank|&#8220;][\/vc_column_inner][vc_column_inner width=&#8220;1\/6&#8243;][\/vc_column_inner][vc_column_inner width=&#8220;1\/6&#8243;][\/vc_column_inner][\/vc_row_inner][vc_row_inner content_placement=&#8220;middle&#8220; css=&#8220;.vc_custom_1552044185633{border-radius: 10px !important;}&#8220;][vc_column_inner width=&#8220;1\/4&#8243; css=&#8220;.vc_custom_1552043911888{border-radius: 5px !important;}&#8220;][vc_column_text]\n<p style=\"text-align: right;\">Prijatelji sajta:<\/p>\n[\/vc_column_text][\/vc_column_inner][vc_column_inner width=&#8220;1\/4&#8243;][vc_single_image image=&#8220;3630&#8243; img_size=&#8220;full&#8220; alignment=&#8220;center&#8220; onclick=&#8220;custom_link&#8220; img_link_target=&#8220;_blank&#8220; link=&#8220;http:\/\/sarmtours.com\/&#8220;][\/vc_column_inner][vc_column_inner width=&#8220;1\/4&#8243;][vc_single_image image=&#8220;3632&#8243; img_size=&#8220;full&#8220; onclick=&#8220;custom_link&#8220; img_link_target=&#8220;_blank&#8220; link=&#8220;https:\/\/www.klubharmonija.rs\/&#8220;][\/vc_column_inner][vc_column_inner width=&#8220;1\/4&#8243;][\/vc_column_inner][\/vc_row_inner][\/vc_column][\/vc_row]","protected":false},"excerpt":{"rendered":"<p>[vc_row full_width=&#8220;stretch_row&#8220; css=&#8220;.vc_custom_1436823427497{padding-top: 2.8rem !important;padding-bottom: 2.8rem !important;background-color: #f0f1f2 !important;}&#8220;][vc_column][vc_column_text][\/vc_column_text][\/vc_column][\/vc_row][vc_row][vc_column width=&#8220;2\/3&#8243; offset=&#8220;vc_col-sm-offset-2&#8243;][vc_column_text] U PITOMOM KRAJU REKE DRINEEKSLUZIVNA KU\u0106A ZA ODMOR Dragi [&hellip;]<\/p>\n","protected":false},"author":1,"featured_media":0,"parent":0,"menu_order":0,"comment_status":"closed","ping_status":"closed","template":"","meta":{"footnotes":""},"class_list":["post-3268","page","type-page","status-publish","hentry"],"_links":{"self":[{"href":"https:\/\/drinskakuca.rs\/index.php?rest_route=\/wp\/v2\/pages\/3268","targetHints":{"allow":["GET"]}}],"collection":[{"href":"https:\/\/drinskakuca.rs\/index.php?rest_route=\/wp\/v2\/pages"}],"about":[{"href":"https:\/\/drinskakuca.rs\/index.php?rest_route=\/wp\/v2\/types\/page"}],"author":[{"embeddable":true,"href":"https:\/\/drinskakuca.rs\/index.php?rest_route=\/wp\/v2\/users\/1"}],"replies":[{"embeddable":true,"href":"https:\/\/drinskakuca.rs\/index.php?rest_route=%2Fwp%2Fv2%2Fcomments&post=3268"}],"version-history":[{"count":55,"href":"https:\/\/drinskakuca.rs\/index.php?rest_route=\/wp\/v2\/pages\/3268\/revisions"}],"predecessor-version":[{"id":3680,"href":"https:\/\/drinskakuca.rs\/index.php?rest_route=\/wp\/v2\/pages\/3268\/revisions\/3680"}],"wp:attachment":[{"href":"https:\/\/drinskakuca.rs\/index.php?rest_route=%2Fwp%2Fv2%2Fmedia&parent=3268"}],"curies":[{"name":"wp","href":"https:\/\/api.w.org\/{rel}","templated":true}]}}